{"id":64,"date":"2018-01-30T18:00:31","date_gmt":"2018-01-30T17:00:31","guid":{"rendered":"http:\/\/knihovnice.knihovna.info\/?page_id=64"},"modified":"2018-01-30T18:40:21","modified_gmt":"2018-01-30T17:40:21","slug":"uvod","status":"publish","type":"page","link":"https:\/\/stenovice.knihovna.info\/","title":{"rendered":"Aktuality"},"content":{"rendered":"<h1><span style=\"color: #ff0000;\">POZOR &#8211; M\u00c1ME NOV\u00c9 WEBOV\u00c9 STR\u00c1NKY<\/span><\/h1>\n<h2><span style=\"color: #000000;\">Od 30.1.2018 je na\u0161e nov\u00e1 adresa\u00a0 <a href=\"http:\/\/www.knihovna-stenovice.cz\">http:\/\/www.knihovna-stenovice.cz<\/a> (klikn\u011bte na odkaz pro rychl\u00fd p\u0159echod na nov\u00e9 str\u00e1nky)<\/span><\/h2>\n<h2>Zde ji\u017e nebude prob\u00edhat aktualizace.<\/h2>\n<p>&nbsp;<\/p>\n","protected":false},"excerpt":{"rendered":"<p>POZOR &#8211; M\u00c1ME NOV\u00c9 WEBOV\u00c9 STR\u00c1NKY Od 30.1.2018 je na\u0161e nov\u00e1 adresa\u00a0 http:\/\/www.knihovna-stenovice.cz (klikn\u011bte na odkaz pro rychl\u00fd p\u0159echod na nov\u00e9 str\u00e1nky) Zde ji\u017e nebude prob\u00edhat aktualizace. &nbsp;<\/p>\n","protected":false},"author":1,"featured_media":0,"parent":0,"menu_order":0,"comment_status":"closed","ping_status":"closed","template":"","meta":{"footnotes":""},"class_list":["post-64","page","type-page","status-publish","hentry"],"_links":{"self":[{"href":"https:\/\/stenovice.knihovna.info\/index.php?rest_route=\/wp\/v2\/pages\/64","targetHints":{"allow":["GET"]}}],"collection":[{"href":"https:\/\/stenovice.knihovna.info\/index.php?rest_route=\/wp\/v2\/pages"}],"about":[{"href":"https:\/\/stenovice.knihovna.info\/index.php?rest_route=\/wp\/v2\/types\/page"}],"author":[{"embeddable":true,"href":"https:\/\/stenovice.knihovna.info\/index.php?rest_route=\/wp\/v2\/users\/1"}],"replies":[{"embeddable":true,"href":"https:\/\/stenovice.knihovna.info\/index.php?rest_route=%2Fwp%2Fv2%2Fcomments&post=64"}],"version-history":[{"count":18,"href":"https:\/\/stenovice.knihovna.info\/index.php?rest_route=\/wp\/v2\/pages\/64\/revisions"}],"predecessor-version":[{"id":309,"href":"https:\/\/stenovice.knihovna.info\/index.php?rest_route=\/wp\/v2\/pages\/64\/revisions\/309"}],"wp:attachment":[{"href":"https:\/\/stenovice.knihovna.info\/index.php?rest_route=%2Fwp%2Fv2%2Fmedia&parent=64"}],"curies":[{"name":"wp","href":"https:\/\/api.w.org\/{rel}","templated":true}]}}