{"id":5,"date":"2015-08-31T19:37:16","date_gmt":"2015-08-31T18:37:16","guid":{"rendered":"http:\/\/www.knihovna.info\/xxxx\/?page_id=5"},"modified":"2015-09-15T20:51:57","modified_gmt":"2015-09-15T19:51:57","slug":"kontakt","status":"publish","type":"page","link":"https:\/\/stenovice.knihovna.info\/?page_id=5","title":{"rendered":"Kontakt"},"content":{"rendered":"<p><strong>Adresa<\/strong><br \/>\nObecn\u00ed knihovna \u0160t\u011bnovice<br \/>\n\u010ci\u017eick\u00e1 133<br \/>\n\u0160t\u011bnovice PS\u010c: 33209<br \/>\n<strong>Tel:\u00a0 377 917 204<br \/>\n<\/strong><\/p>\n<p><strong>Email:<br \/>\n<a href=\"mailto:knihovna@obecknihovnice.cz\" target=\"_blank\">knihovnastenovice@seznam.cz<\/a><\/strong><\/p>\n<p>Knihovnice: V. \u0160vecov\u00e1<\/p>\n<p>&nbsp;<\/p>\n","protected":false},"excerpt":{"rendered":"<p>Adresa Obecn\u00ed knihovna \u0160t\u011bnovice \u010ci\u017eick\u00e1 133 \u0160t\u011bnovice PS\u010c: 33209 Tel:\u00a0 377 917 204 Email: knihovnastenovice@seznam.cz Knihovnice: V. \u0160vecov\u00e1 &nbsp;<\/p>\n","protected":false},"author":1,"featured_media":0,"parent":0,"menu_order":0,"comment_status":"closed","ping_status":"closed","template":"","meta":{"footnotes":""},"class_list":["post-5","page","type-page","status-publish","hentry"],"_links":{"self":[{"href":"https:\/\/stenovice.knihovna.info\/index.php?rest_route=\/wp\/v2\/pages\/5","targetHints":{"allow":["GET"]}}],"collection":[{"href":"https:\/\/stenovice.knihovna.info\/index.php?rest_route=\/wp\/v2\/pages"}],"about":[{"href":"https:\/\/stenovice.knihovna.info\/index.php?rest_route=\/wp\/v2\/types\/page"}],"author":[{"embeddable":true,"href":"https:\/\/stenovice.knihovna.info\/index.php?rest_route=\/wp\/v2\/users\/1"}],"replies":[{"embeddable":true,"href":"https:\/\/stenovice.knihovna.info\/index.php?rest_route=%2Fwp%2Fv2%2Fcomments&post=5"}],"version-history":[{"count":11,"href":"https:\/\/stenovice.knihovna.info\/index.php?rest_route=\/wp\/v2\/pages\/5\/revisions"}],"predecessor-version":[{"id":236,"href":"https:\/\/stenovice.knihovna.info\/index.php?rest_route=\/wp\/v2\/pages\/5\/revisions\/236"}],"wp:attachment":[{"href":"https:\/\/stenovice.knihovna.info\/index.php?rest_route=%2Fwp%2Fv2%2Fmedia&parent=5"}],"curies":[{"name":"wp","href":"https:\/\/api.w.org\/{rel}","templated":true}]}}